{"id":1418,"date":"2021-11-10T05:19:31","date_gmt":"2021-11-10T12:19:31","guid":{"rendered":"https:\/\/brandnewday.gomohealth.care\/brand-new-day-healthy-eating-concierge-program\/"},"modified":"2022-05-16T07:42:30","modified_gmt":"2022-05-16T14:42:30","slug":"landing","status":"publish","type":"page","link":"https:\/\/brandnewday.gomohealth.care\/es\/landing\/","title":{"rendered":"Brand New Day Healthy Eating Concierge Program"},"content":{"rendered":"<p><div class=\"fusion-fullwidth fullwidth-box fusion-builder-row-1 fusion-flex-container nonhundred-percent-fullwidth non-hundred-percent-height-scrolling\" style=\"background-color: #15315e;background-position: center center;background-repeat: no-repeat;border-width: 0px 0px 0px 0px;border-color:#eae9e9;border-style:solid;\" id=\"landing-banner-section\" ><div class=\"fusion-builder-row fusion-row fusion-flex-align-items-flex-start\" style=\"max-width:1064.96px;margin-left: calc(-4% \/ 2 );margin-right: calc(-4% \/ 2 );\"><div class=\"fusion-layout-column fusion_builder_column fusion-builder-column-0 fusion_builder_column_1_2 1_2 fusion-flex-column\"><div class=\"fusion-column-wrapper fusion-flex-justify-content-flex-start fusion-content-layout-column\" style=\"background-position:left top;background-repeat:no-repeat;-webkit-background-size:cover;-moz-background-size:cover;-o-background-size:cover;background-size:cover;padding: 40px 40px 40px 40px;\"><div class=\"fusion-separator fusion-full-width-sep\" style=\"align-self: center;margin-left: auto;margin-right: auto;margin-top:20px;width:100%;\"><\/div><style type=\"text\/css\">@media only screen and (max-width:1024px) {.fusion-title.fusion-title-1{margin-top:0px!important; margin-right:0px!important;margin-bottom:20px!important;margin-left:0px!important;}}@media only screen and (max-width:640px) {.fusion-title.fusion-title-1{margin-top:0px!important; margin-right:0px!important;margin-bottom:20px!important; margin-left:0px!important;}}<\/style><div class=\"fusion-title title fusion-title-1 fusion-sep-none fusion-title-text fusion-title-size-two\" style=\"font-size:28px;margin-top:0px;margin-right:0px;margin-bottom:20px;margin-left:0px;\"><h2 class=\"title-heading-left fusion-responsive-typography-calculated\" style=\"margin:0;font-size:1em;color:#ffffff;--fontSize:28;line-height:1.3;\">\u00a1Un nuevo y emocionante programa dedicado a una vida m\u00e1s saludable!<\/h2><\/div><div class=\"fusion-separator fusion-full-width-sep\" style=\"align-self: center;margin-left: auto;margin-right: auto;margin-top:10px;width:100%;\"><\/div><div ><style>.fusion-body .fusion-button.button-1{border-color:#ffffff;border-radius:30px 30px 30px 30px;background:#dcac0d;}.fusion-body .fusion-button.button-1 .fusion-button-text,.fusion-body .fusion-button.button-1 i,.fusion-body .fusion-button.button-1:hover .fusion-button-text,.fusion-body .fusion-button.button-1:hover i,.fusion-body .fusion-button.button-1:focus .fusion-button-text,.fusion-body .fusion-button.button-1:focus i,.fusion-body .fusion-button.button-1:active .fusion-button-text,.fusion-body .fusion-button.button-1:active i{color:#ffffff;}.fusion-body .fusion-button.button-1:hover,.fusion-body .fusion-button.button-1:active,.fusion-body .fusion-button.button-1:focus{border-color:#29a08a;background:#29a08a;}<\/style><a class=\"fusion-button button-flat fusion-button-default-size button-custom button-1 fusion-button-default-span pps-button-popup-1391 pps-button-popup\" target=\"_self\" href=\"https:\/\/brandnewday.gomohealth.care\/es\/enroll\/\"><span class=\"fusion-button-text\">\u00daNIRSE AL PROGRAMA<\/span><\/a><\/div><\/div><style type=\"text\/css\">.fusion-body .fusion-builder-column-0{width:50% !important;margin-top : 0px;margin-bottom : 20px;}.fusion-builder-column-0 > .fusion-column-wrapper {padding-top : 40px !important;padding-right : 40px !important;margin-right : 3.84%;padding-bottom : 40px !important;padding-left : 40px !important;margin-left : 3.84%;}@media only screen and (max-width:1024px) {.fusion-body .fusion-builder-column-0{width:100% !important;order : 0;}.fusion-builder-column-0 > .fusion-column-wrapper {margin-right : 1.92%;margin-left : 1.92%;}}@media only screen and (max-width:640px) {.fusion-body .fusion-builder-column-0{width:100% !important;order : 0;}.fusion-builder-column-0 > .fusion-column-wrapper {margin-right : 1.92%;margin-left : 1.92%;}}<\/style><\/div><div class=\"fusion-layout-column fusion_builder_column fusion-builder-column-1 fusion_builder_column_1_2 1_2 fusion-flex-column\"><div class=\"fusion-column-wrapper fusion-flex-justify-content-flex-start fusion-content-layout-column\" style=\"background-position:left top;background-repeat:no-repeat;-webkit-background-size:cover;-moz-background-size:cover;-o-background-size:cover;background-size:cover;padding: 0px 0px 0px 0px;\"><\/div><style type=\"text\/css\">.fusion-body .fusion-builder-column-1{width:50% !important;margin-top : 0px;margin-bottom : 0px;}.fusion-builder-column-1 > .fusion-column-wrapper {padding-top : 0px !important;padding-right : 0px !important;margin-right : 3.84%;padding-bottom : 0px !important;padding-left : 0px !important;margin-left : 3.84%;}@media only screen and (max-width:1024px) {.fusion-body .fusion-builder-column-1{width:100% !important;order : 0;}.fusion-builder-column-1 > .fusion-column-wrapper {margin-right : 1.92%;margin-left : 1.92%;}}@media only screen and (max-width:640px) {.fusion-body .fusion-builder-column-1{width:100% !important;order : 0;}.fusion-builder-column-1 > .fusion-column-wrapper {margin-right : 1.92%;margin-left : 1.92%;}}<\/style><\/div><\/div><style type=\"text\/css\">.fusion-body .fusion-flex-container.fusion-builder-row-1{ padding-top : 0px;margin-top : 40px;padding-right : 0px;padding-bottom : 0px;margin-bottom : 0px;padding-left : 0px;}<\/style><\/div><div class=\"fusion-fullwidth fullwidth-box fusion-builder-row-2 fusion-flex-container nonhundred-percent-fullwidth non-hundred-percent-height-scrolling\" style=\"background-color: rgba(255,255,255,0);background-position: center center;background-repeat: no-repeat;border-width: 0px 0px 0px 0px;border-color:#eae9e9;border-style:solid;\" ><div class=\"fusion-builder-row fusion-row fusion-flex-align-items-flex-start\" style=\"max-width:1064.96px;margin-left: calc(-4% \/ 2 );margin-right: calc(-4% \/ 2 );\"><div class=\"fusion-layout-column fusion_builder_column fusion-builder-column-2 fusion_builder_column_1_1 1_1 fusion-flex-column\"><div class=\"fusion-column-wrapper fusion-flex-justify-content-flex-start fusion-content-layout-column\" style=\"background-position:left top;background-repeat:no-repeat;-webkit-background-size:cover;-moz-background-size:cover;-o-background-size:cover;background-size:cover;padding: 0px 0px 0px 0px;\"><div class=\"fusion-text fusion-text-1 fusion-text-no-margin\" style=\"color:#29a08a;\"><p>Usted es elegible para unirse a <strong><em>Made-for-Me Meals<\/em><\/strong>. Brand New Day se ha asociado con los expertos de Healthrageous para proporcionar a los miembros elegibles el programa Made-for-Me Meals. Este programa es m\u00e1s que comidas. Es una experiencia personalizada que te brinda:<\/p>\n<\/div><ul id=\"program-landing-icons\">\n  <li><b>Listo para calentar y comer comidas<\/b> a poco o ning\u00fan costo que son diab\u00e9ticos y cardio amigables. Made-for-Me Meals hace que sea este comer sano. Listo en minutos con porciones adecuadas y nutrientes esenciales.<\/li>\n  <li class=\"mobile-icon\"><b>Un conserje de salud virtual <\/b>para ayudarlo a controlar con \u00e9xito su diabetes y la salud del coraz\u00f3n. Usted recibe consejos oportunos para una alimentaci\u00f3n saludable a su alcance a trav\u00e9s de mensajes de texto SMS y \/ o correo electr\u00f3nico. Est\u00e1 personalizado seg\u00fan sus preferencias para ayudarlo a mejorar su salud.<\/li>\n  <li class=\"bpm-icon\"><b>Un programa simple, electr\u00f3nico y en tiempo real para<\/b> que los miembros diab\u00e9ticos rastreen f\u00e1cilmente los niveles de az\u00facar en la sangre y el progreso hacia el logro de los objetivos de salud. \u00a1Utilice esta funci\u00f3n opcional del programa para ayudarle a mantenerse en el buen camino!<\/li>\n<\/ul><\/div><style type=\"text\/css\">.fusion-body .fusion-builder-column-2{width:100% !important;margin-top : 50px;margin-bottom : 0px;}.fusion-builder-column-2 > .fusion-column-wrapper {padding-top : 0px !important;padding-right : 0px !important;margin-right : 1.92%;padding-bottom : 0px !important;padding-left : 0px !important;margin-left : 1.92%;}@media only screen and (max-width:1024px) {.fusion-body .fusion-builder-column-2{width:100% !important;order : 0;}.fusion-builder-column-2 > .fusion-column-wrapper {margin-right : 1.92%;margin-left : 1.92%;}}@media only screen and (max-width:640px) {.fusion-body .fusion-builder-column-2{width:100% !important;order : 0;}.fusion-builder-column-2 > .fusion-column-wrapper {margin-right : 1.92%;margin-left : 1.92%;}}<\/style><\/div><div class=\"fusion-layout-column fusion_builder_column fusion-builder-column-3 fusion_builder_column_1_1 1_1 fusion-flex-column cta-container\"><div class=\"fusion-column-wrapper fusion-flex-justify-content-flex-start fusion-content-layout-column\" style=\"background-position:left top;background-repeat:no-repeat;-webkit-background-size:cover;-moz-background-size:cover;-o-background-size:cover;background-size:cover;padding: 0px 0px 0px 0px;\"><style type=\"text\/css\">@media only screen and (max-width:1024px) {.fusion-title.fusion-title-2{margin-top:0px!important; margin-right:0px!important;margin-bottom:20px!important;margin-left:0px!important;}}@media only screen and (max-width:640px) {.fusion-title.fusion-title-2{margin-top:0px!important; margin-right:0px!important;margin-bottom:20px!important; margin-left:0px!important;}}<\/style><div class=\"fusion-title title fusion-title-2 fusion-sep-none fusion-title-center fusion-title-text fusion-title-size-three\" style=\"margin-top:0px;margin-right:0px;margin-bottom:20px;margin-left:0px;\"><h3 class=\"title-heading-center fusion-responsive-typography-calculated\" style=\"margin:0;--fontSize:24;--minFontSize:24px;line-height:1.3;\">\u00a1COMIENCE, \u00daNIRSE EL PROGRAMA HOY!<\/h3><\/div><div class=\"fusion-separator fusion-full-width-sep\" style=\"align-self: center;margin-left: auto;margin-right: auto;margin-top:5px;width:100%;\"><\/div><div style=\"text-align:center;\"><style>.fusion-body .fusion-button.button-2{border-color:#ffffff;border-radius:30px 30px 30px 30px;background:#dcac0d;}.fusion-body .fusion-button.button-2 .fusion-button-text,.fusion-body .fusion-button.button-2 i,.fusion-body .fusion-button.button-2:hover .fusion-button-text,.fusion-body .fusion-button.button-2:hover i,.fusion-body .fusion-button.button-2:focus .fusion-button-text,.fusion-body .fusion-button.button-2:focus i,.fusion-body .fusion-button.button-2:active .fusion-button-text,.fusion-body .fusion-button.button-2:active i{color:#ffffff;}.fusion-body .fusion-button.button-2:hover,.fusion-body .fusion-button.button-2:active,.fusion-body .fusion-button.button-2:focus{border-color:#29a08a;background:#29a08a;}<\/style><a class=\"fusion-button button-flat button-large button-custom button-2 fusion-button-default-span pps-button-popup-1391 pps-button-popup\" target=\"_self\" href=\"https:\/\/brandnewday.gomohealth.care\/es\/enroll\/\"><span class=\"fusion-button-text\">Haz clic para comenzar<\/span><\/a><\/div><\/div><style type=\"text\/css\">.fusion-body .fusion-builder-column-3{width:100% !important;margin-top : 0px;margin-bottom : 50px;}.fusion-builder-column-3 > .fusion-column-wrapper {padding-top : 0px !important;padding-right : 0px !important;margin-right : 1.92%;padding-bottom : 0px !important;padding-left : 0px !important;margin-left : 1.92%;}@media only screen and (max-width:1024px) {.fusion-body .fusion-builder-column-3{width:100% !important;order : 0;}.fusion-builder-column-3 > .fusion-column-wrapper {margin-right : 1.92%;margin-left : 1.92%;}}@media only screen and (max-width:640px) {.fusion-body .fusion-builder-column-3{width:100% !important;order : 0;}.fusion-builder-column-3 > .fusion-column-wrapper {margin-right : 1.92%;margin-left : 1.92%;}}<\/style><\/div><div class=\"fusion-layout-column fusion_builder_column fusion-builder-column-4 fusion_builder_column_1_1 1_1 fusion-flex-column\"><div class=\"fusion-column-wrapper fusion-flex-justify-content-flex-start fusion-content-layout-column\" style=\"background-position:left top;background-repeat:no-repeat;-webkit-background-size:cover;-moz-background-size:cover;-o-background-size:cover;background-size:cover;padding: 0px 0px 0px 0px;\"><div class=\"fusion-separator fusion-full-width-sep\" style=\"align-self: center;margin-left: auto;margin-right: auto;margin-top:10px;width:100%;\"><\/div><div class=\"fusion-text fusion-text-2 wrap-green-background\" style=\"font-size:17px;line-height:150%;\"><p>\u00bf<em data-renderer-mark=\"true\"><strong data-renderer-mark=\"true\">Interesado en una consulta con un<\/strong><\/em> <a class=\"sc-1ko78hw-0 fiVZLH\" title=\"http:\/\/housecalldietitians.com\" href=\"http:\/\/housecalldietitians.com\/\" data-renderer-mark=\"true\"><strong data-renderer-mark=\"true\">nutricionista dietista registrado<\/strong><\/a><em data-renderer-mark=\"true\"><strong data-renderer-mark=\"true\">? Su beneficio incluye una visita virtual o telef\u00f3nica con un dietista. Llame al (949) 861-3447 o <\/strong><\/em><a class=\"sc-1ko78hw-0 fiVZLH\" title=\"http:\/\/housecalldietitians.com\" href=\"http:\/\/housecalldietitians.com\/\" data-renderer-mark=\"true\"><em data-renderer-mark=\"true\"><strong data-renderer-mark=\"true\">haga clic aqu\u00ed<\/strong><\/em><\/a> <em data-renderer-mark=\"true\"><strong data-renderer-mark=\"true\">para programar una cita.<\/strong><\/em><\/p>\n<\/div><div class=\"fusion-separator fusion-full-width-sep\" style=\"align-self: center;margin-left: auto;margin-right: auto;margin-top:30px;margin-bottom:50px;width:100%;\"><\/div><style type=\"text\/css\">@media only screen and (max-width:1024px) {.fusion-title.fusion-title-3{margin-top:0px!important; margin-right:0px!important;margin-bottom:20px!important;margin-left:0px!important;}}@media only screen and (max-width:640px) {.fusion-title.fusion-title-3{margin-top:0px!important; margin-right:0px!important;margin-bottom:20px!important; margin-left:0px!important;}}<\/style><div class=\"fusion-title title fusion-title-3 fusion-sep-none fusion-title-center fusion-title-text fusion-title-size-three\" style=\"margin-top:0px;margin-right:0px;margin-bottom:20px;margin-left:0px;\"><h3 class=\"title-heading-center fusion-responsive-typography-calculated\" style=\"margin:0;color:#29a08a;--fontSize:24;--minFontSize:24px;line-height:1.3;\">\u00bfA\u00fan tienes preguntas?<\/h3><\/div><div class=\"fusion-separator fusion-full-width-sep\" style=\"align-self: center;margin-left: auto;margin-right: auto;margin-top:5px;width:100%;\"><\/div><div style=\"text-align:center;\"><style>.fusion-body .fusion-button.button-3{border-color:#ffffff;border-radius:30px 30px 30px 30px;background:#dcac0d;}.fusion-body .fusion-button.button-3 .fusion-button-text,.fusion-body .fusion-button.button-3 i,.fusion-body .fusion-button.button-3:hover .fusion-button-text,.fusion-body .fusion-button.button-3:hover i,.fusion-body .fusion-button.button-3:focus .fusion-button-text,.fusion-body .fusion-button.button-3:focus i,.fusion-body .fusion-button.button-3:active .fusion-button-text,.fusion-body .fusion-button.button-3:active i{color:#ffffff;}.fusion-body .fusion-button.button-3:hover,.fusion-body .fusion-button.button-3:active,.fusion-body .fusion-button.button-3:focus{border-color:#29a08a;background:#29a08a;}<\/style><a class=\"fusion-button button-flat button-large button-custom button-3 fusion-button-default-span pps-button-popup-1391 pps-button-popup\" target=\"_self\" href=\"https:\/\/madeeasymeals.com\/pages\/frequently-asked-questions-faqs\"><span class=\"fusion-button-text\">Consulte las preguntas frecuentes de nuestro programa<\/span><\/a><\/div><div class=\"fusion-separator fusion-full-width-sep\" style=\"align-self: center;margin-left: auto;margin-right: auto;margin-top:20px;width:100%;\"><\/div><div class=\"fusion-text fusion-text-3\" style=\"text-align:center;\"><p>Con\u00e9ctese con el equipo de Servicios para miembros de <a href=\"https:\/\/bndhmo.com\/Contact\">Brand New Day<\/a>: <a href=\"tel:8662554795\">1-866-255-4795<\/a> TTY <a href=\"https:\/\/bndhmo.com\/Contact#Tel:_711\">711<\/a><\/p>\n<\/div><div class=\"fusion-separator fusion-full-width-sep\" style=\"align-self: center;margin-left: auto;margin-right: auto;margin-top:20px;width:100%;\"><\/div><div class=\"fusion-text fusion-text-4\" style=\"text-align:center;\"><p>El programa Made-for-Me Meals es gratuito para los miembros elegibles sin obligaci\u00f3n continua. Puede dejar de usar el programa en cualquier momento. Opte por no recibir mensajes simplemente enviando un mensaje de texto con la palabra <strong>STOP<\/strong> al <strong>88106<\/strong>.<\/p>\n<\/div><div class=\"fusion-text fusion-text-5\" style=\"text-align:right;font-size:10px;\"><p>H0838_2524.210628_C<\/p>\n<\/div><\/div><style type=\"text\/css\">.fusion-body .fusion-builder-column-4{width:100% !important;margin-top : 0px;margin-bottom : 20px;}.fusion-builder-column-4 > .fusion-column-wrapper {padding-top : 0px !important;padding-right : 0px !important;margin-right : 1.92%;padding-bottom : 0px !important;padding-left : 0px !important;margin-left : 1.92%;}@media only screen and (max-width:1024px) {.fusion-body .fusion-builder-column-4{width:100% !important;order : 0;}.fusion-builder-column-4 > .fusion-column-wrapper {margin-right : 1.92%;margin-left : 1.92%;}}@media only screen and (max-width:640px) {.fusion-body .fusion-builder-column-4{width:100% !important;order : 0;}.fusion-builder-column-4 > .fusion-column-wrapper {margin-right : 1.92%;margin-left : 1.92%;}}<\/style><\/div><\/div><style type=\"text\/css\">.fusion-body .fusion-flex-container.fusion-builder-row-2{ padding-top : 0px;margin-top : 0px;padding-right : 0px;padding-bottom : 0px;margin-bottom : 0px;padding-left : 0px;}<\/style><\/div><\/p>\n","protected":false},"excerpt":{"rendered":"","protected":false},"author":1,"featured_media":0,"parent":0,"menu_order":0,"comment_status":"closed","ping_status":"closed","template":"","meta":{"inline_featured_image":false},"yoast_head":"<!-- This site is optimized with the Yoast SEO plugin v19.10 - https:\/\/yoast.com\/wordpress\/plugins\/seo\/ -->\n<title>Brand New Day Healthy Eating Concierge Program | Brand New Day<\/title>\n<meta name=\"robots\" content=\"noindex, follow, max-snippet:-1, max-image-preview:large, max-video-preview:-1\" \/>\n<meta property=\"og:locale\" content=\"es_ES\" \/>\n<meta property=\"og:type\" content=\"article\" \/>\n<meta property=\"og:title\" content=\"Brand New Day Healthy Eating Concierge Program | Brand New Day\" \/>\n<meta property=\"og:url\" content=\"https:\/\/brandnewday.gomohealth.care\/es\/landing\/\" \/>\n<meta property=\"og:site_name\" content=\"Brand New Day\" \/>\n<meta property=\"article:modified_time\" content=\"2022-05-16T14:42:30+00:00\" \/>\n<meta name=\"twitter:card\" content=\"summary_large_image\" \/>\n<meta name=\"twitter:label1\" content=\"Tiempo de lectura\" \/>\n\t<meta name=\"twitter:data1\" content=\"19 minutos\" \/>\n<script type=\"application\/ld+json\" class=\"yoast-schema-graph\">{\"@context\":\"https:\/\/schema.org\",\"@graph\":[{\"@type\":\"WebPage\",\"@id\":\"https:\/\/brandnewday.gomohealth.care\/es\/landing\/\",\"url\":\"https:\/\/brandnewday.gomohealth.care\/es\/landing\/\",\"name\":\"Brand New Day Healthy Eating Concierge Program | Brand New Day\",\"isPartOf\":{\"@id\":\"https:\/\/brandnewday.gomohealth.care\/es\/#website\"},\"datePublished\":\"2021-11-10T12:19:31+00:00\",\"dateModified\":\"2022-05-16T14:42:30+00:00\",\"breadcrumb\":{\"@id\":\"https:\/\/brandnewday.gomohealth.care\/es\/landing\/#breadcrumb\"},\"inLanguage\":\"es\",\"potentialAction\":[{\"@type\":\"ReadAction\",\"target\":[\"https:\/\/brandnewday.gomohealth.care\/es\/landing\/\"]}]},{\"@type\":\"BreadcrumbList\",\"@id\":\"https:\/\/brandnewday.gomohealth.care\/es\/landing\/#breadcrumb\",\"itemListElement\":[{\"@type\":\"ListItem\",\"position\":1,\"name\":\"Home\",\"item\":\"https:\/\/brandnewday.gomohealth.care\/es\/\"},{\"@type\":\"ListItem\",\"position\":2,\"name\":\"Brand New Day Healthy Eating Concierge Program\"}]},{\"@type\":\"WebSite\",\"@id\":\"https:\/\/brandnewday.gomohealth.care\/es\/#website\",\"url\":\"https:\/\/brandnewday.gomohealth.care\/es\/\",\"name\":\"Brand New Day\",\"description\":\"A leader in personalized health care solutions\",\"potentialAction\":[{\"@type\":\"SearchAction\",\"target\":{\"@type\":\"EntryPoint\",\"urlTemplate\":\"https:\/\/brandnewday.gomohealth.care\/es\/?s={search_term_string}\"},\"query-input\":\"required name=search_term_string\"}],\"inLanguage\":\"es\"}]}<\/script>\n<!-- \/ Yoast SEO plugin. -->","yoast_head_json":{"title":"Brand New Day Healthy Eating Concierge Program | Brand New Day","robots":{"index":"noindex","follow":"follow","max-snippet":"max-snippet:-1","max-image-preview":"max-image-preview:large","max-video-preview":"max-video-preview:-1"},"og_locale":"es_ES","og_type":"article","og_title":"Brand New Day Healthy Eating Concierge Program | Brand New Day","og_url":"https:\/\/brandnewday.gomohealth.care\/es\/landing\/","og_site_name":"Brand New Day","article_modified_time":"2022-05-16T14:42:30+00:00","twitter_card":"summary_large_image","twitter_misc":{"Tiempo de lectura":"19 minutos"},"schema":{"@context":"https:\/\/schema.org","@graph":[{"@type":"WebPage","@id":"https:\/\/brandnewday.gomohealth.care\/es\/landing\/","url":"https:\/\/brandnewday.gomohealth.care\/es\/landing\/","name":"Brand New Day Healthy Eating Concierge Program | Brand New Day","isPartOf":{"@id":"https:\/\/brandnewday.gomohealth.care\/es\/#website"},"datePublished":"2021-11-10T12:19:31+00:00","dateModified":"2022-05-16T14:42:30+00:00","breadcrumb":{"@id":"https:\/\/brandnewday.gomohealth.care\/es\/landing\/#breadcrumb"},"inLanguage":"es","potentialAction":[{"@type":"ReadAction","target":["https:\/\/brandnewday.gomohealth.care\/es\/landing\/"]}]},{"@type":"BreadcrumbList","@id":"https:\/\/brandnewday.gomohealth.care\/es\/landing\/#breadcrumb","itemListElement":[{"@type":"ListItem","position":1,"name":"Home","item":"https:\/\/brandnewday.gomohealth.care\/es\/"},{"@type":"ListItem","position":2,"name":"Brand New Day Healthy Eating Concierge Program"}]},{"@type":"WebSite","@id":"https:\/\/brandnewday.gomohealth.care\/es\/#website","url":"https:\/\/brandnewday.gomohealth.care\/es\/","name":"Brand New Day","description":"A leader in personalized health care solutions","potentialAction":[{"@type":"SearchAction","target":{"@type":"EntryPoint","urlTemplate":"https:\/\/brandnewday.gomohealth.care\/es\/?s={search_term_string}"},"query-input":"required name=search_term_string"}],"inLanguage":"es"}]}},"_links":{"self":[{"href":"https:\/\/brandnewday.gomohealth.care\/es\/wp-json\/wp\/v2\/pages\/1418"}],"collection":[{"href":"https:\/\/brandnewday.gomohealth.care\/es\/wp-json\/wp\/v2\/pages"}],"about":[{"href":"https:\/\/brandnewday.gomohealth.care\/es\/wp-json\/wp\/v2\/types\/page"}],"author":[{"embeddable":true,"href":"https:\/\/brandnewday.gomohealth.care\/es\/wp-json\/wp\/v2\/users\/1"}],"replies":[{"embeddable":true,"href":"https:\/\/brandnewday.gomohealth.care\/es\/wp-json\/wp\/v2\/comments?post=1418"}],"version-history":[{"count":69,"href":"https:\/\/brandnewday.gomohealth.care\/es\/wp-json\/wp\/v2\/pages\/1418\/revisions"}],"predecessor-version":[{"id":2085,"href":"https:\/\/brandnewday.gomohealth.care\/es\/wp-json\/wp\/v2\/pages\/1418\/revisions\/2085"}],"wp:attachment":[{"href":"https:\/\/brandnewday.gomohealth.care\/es\/wp-json\/wp\/v2\/media?parent=1418"}],"curies":[{"name":"wp","href":"https:\/\/api.w.org\/{rel}","templated":true}]}}