{"id":1494,"date":"2021-11-10T12:29:52","date_gmt":"2021-11-10T19:29:52","guid":{"rendered":"https:\/\/brandnewday.gomohealth.care\/?page_id=1494"},"modified":"2021-12-23T01:10:24","modified_gmt":"2021-12-23T08:10:24","slug":"cp2","status":"publish","type":"page","link":"https:\/\/brandnewday.gomohealth.care\/es\/enroll\/cp2\/","title":{"rendered":"Confirmation 2"},"content":{"rendered":"<div class=\"fusion-fullwidth fullwidth-box fusion-builder-row-1 fusion-flex-container nonhundred-percent-fullwidth non-hundred-percent-height-scrolling\" style=\"background-color: rgba(255,255,255,0);background-position: center center;background-repeat: no-repeat;border-width: 0px 0px 0px 0px;border-color:#eae9e9;border-style:solid;\" ><div class=\"fusion-builder-row fusion-row fusion-flex-align-items-flex-start\" style=\"max-width:1064.96px;margin-left: calc(-4% \/ 2 );margin-right: calc(-4% \/ 2 );\"><div class=\"fusion-layout-column fusion_builder_column fusion-builder-column-0 fusion_builder_column_1_1 1_1 fusion-flex-column\"><div class=\"fusion-column-wrapper fusion-flex-justify-content-flex-start fusion-content-layout-column\" style=\"background-position:left top;background-repeat:no-repeat;-webkit-background-size:cover;-moz-background-size:cover;-o-background-size:cover;background-size:cover;padding: 0px 0px 0px 0px;\"><div class=\"fusion-text fusion-text-1 fusion-text-no-margin\" style=\"margin-bottom:30px;\"><p><span class=\"TextRun Highlight SCXW74480024 BCX0\" lang=\"ES-AR\" xml:lang=\"ES-AR\" data-contrast=\"auto\"><span class=\"NormalTextRun CommentStart SCXW74480024 BCX0\">N<\/span><span class=\"NormalTextRun SCXW74480024 BCX0\">o reconocimos<\/span><\/span><span class=\"TextRun SCXW74480024 BCX0\" lang=\"ES-AR\" xml:lang=\"ES-AR\" data-contrast=\"auto\"><span class=\"NormalTextRun SCXW74480024 BCX0\">\u00a0<\/span><span class=\"NormalTextRun SCXW74480024 BCX0\">la identificaci\u00f3n de miembro que ingres\u00f3. Verifique que haya ingresado la identificaci\u00f3n de miembro correcta. Si ingres\u00f3 la identificaci\u00f3n de miembro correcta, es posible que no re\u00fana los requisitos para participar en el programa.<\/span><\/span><\/p>\n<p>[<span class=\"TextRun SCXW98860315 BCX0\" lang=\"ES-AR\" xml:lang=\"ES-AR\" data-contrast=\"auto\"><span class=\"NormalTextRun SCXW98860315 BCX0\">Si no est\u00e1 seguro o a\u00fan tiene preguntas adicionales, comun\u00edquese con el equipo de Servicios para miembros de Brand New Day:\u202f<\/span><\/span><a class=\"Hyperlink SCXW98860315 BCX0\" href=\"http:\/\/tel.:8662554795\/\" target=\"_blank\" rel=\"noreferrer noopener\"><span class=\"TextRun SCXW98860315 BCX0\" lang=\"ES-AR\" xml:lang=\"ES-AR\" data-contrast=\"auto\"><span class=\"NormalTextRun SCXW98860315 BCX0\">1-866-255-4795<\/span><\/span><\/a><span class=\"TextRun SCXW98860315 BCX0\" lang=\"ES-AR\" xml:lang=\"ES-AR\" data-contrast=\"auto\"><span class=\"NormalTextRun SCXW98860315 BCX0\">\u00a0TTY\u202f<\/span><\/span><a class=\"Hyperlink SCXW98860315 BCX0\" href=\"https:\/\/bndhmo.com\/Contact#Tel:_711\" target=\"_blank\" rel=\"noreferrer noopener\"><span class=\"TextRun SCXW98860315 BCX0\" lang=\"ES-AR\" xml:lang=\"ES-AR\" data-contrast=\"auto\"><span class=\"NormalTextRun SCXW98860315 BCX0\">711<\/span><\/span><\/a>]<\/p>\n<\/div><\/div><style type=\"text\/css\">.fusion-body .fusion-builder-column-0{width:100% !important;margin-top : 50px;margin-bottom : 50px;}.fusion-builder-column-0 > .fusion-column-wrapper {padding-top : 0px !important;padding-right : 0px !important;margin-right : 1.92%;padding-bottom : 0px !important;padding-left : 0px !important;margin-left : 1.92%;}@media only screen and (max-width:1024px) {.fusion-body .fusion-builder-column-0{width:100% !important;order : 0;}.fusion-builder-column-0 > .fusion-column-wrapper {margin-right : 1.92%;margin-left : 1.92%;}}@media only screen and (max-width:640px) {.fusion-body .fusion-builder-column-0{width:100% !important;order : 0;}.fusion-builder-column-0 > .fusion-column-wrapper {margin-right : 1.92%;margin-left : 1.92%;}}<\/style><\/div><\/div><style type=\"text\/css\">.fusion-body .fusion-flex-container.fusion-builder-row-1{ padding-top : 0px;margin-top : 0px;padding-right : 0px;padding-bottom : 0px;margin-bottom : 0px;padding-left : 0px;}<\/style><\/div>\n","protected":false},"excerpt":{"rendered":"","protected":false},"author":1,"featured_media":0,"parent":1431,"menu_order":0,"comment_status":"closed","ping_status":"closed","template":"","meta":{"inline_featured_image":false},"yoast_head":"<!-- This site is optimized with the Yoast SEO plugin v19.10 - https:\/\/yoast.com\/wordpress\/plugins\/seo\/ -->\n<title>Lo lamentamos. | Brand New Day<\/title>\n<meta name=\"robots\" content=\"noindex, follow, max-snippet:-1, max-image-preview:large, max-video-preview:-1\" \/>\n<meta property=\"og:locale\" content=\"es_ES\" \/>\n<meta property=\"og:type\" content=\"article\" \/>\n<meta property=\"og:title\" content=\"Lo lamentamos. | Brand New Day\" \/>\n<meta property=\"og:url\" content=\"https:\/\/brandnewday.gomohealth.care\/es\/enroll\/cp2\/\" \/>\n<meta property=\"og:site_name\" content=\"Brand New Day\" \/>\n<meta property=\"article:modified_time\" content=\"2021-12-23T08:10:24+00:00\" \/>\n<meta name=\"twitter:card\" content=\"summary_large_image\" \/>\n<meta name=\"twitter:label1\" content=\"Tiempo de lectura\" \/>\n\t<meta name=\"twitter:data1\" content=\"4 minutos\" \/>\n<script type=\"application\/ld+json\" class=\"yoast-schema-graph\">{\"@context\":\"https:\/\/schema.org\",\"@graph\":[{\"@type\":\"WebPage\",\"@id\":\"https:\/\/brandnewday.gomohealth.care\/es\/enroll\/cp2\/\",\"url\":\"https:\/\/brandnewday.gomohealth.care\/es\/enroll\/cp2\/\",\"name\":\"Lo lamentamos. | Brand New Day\",\"isPartOf\":{\"@id\":\"https:\/\/brandnewday.gomohealth.care\/es\/#website\"},\"datePublished\":\"2021-11-10T19:29:52+00:00\",\"dateModified\":\"2021-12-23T08:10:24+00:00\",\"breadcrumb\":{\"@id\":\"https:\/\/brandnewday.gomohealth.care\/es\/enroll\/cp2\/#breadcrumb\"},\"inLanguage\":\"es\",\"potentialAction\":[{\"@type\":\"ReadAction\",\"target\":[\"https:\/\/brandnewday.gomohealth.care\/es\/enroll\/cp2\/\"]}]},{\"@type\":\"BreadcrumbList\",\"@id\":\"https:\/\/brandnewday.gomohealth.care\/es\/enroll\/cp2\/#breadcrumb\",\"itemListElement\":[{\"@type\":\"ListItem\",\"position\":1,\"name\":\"Home\",\"item\":\"https:\/\/brandnewday.gomohealth.care\/es\/\"},{\"@type\":\"ListItem\",\"position\":2,\"name\":\"Inscripci\u00f3n\",\"item\":\"https:\/\/brandnewday.gomohealth.care\/es\/enroll\/\"},{\"@type\":\"ListItem\",\"position\":3,\"name\":\"Confirmation 2\"}]},{\"@type\":\"WebSite\",\"@id\":\"https:\/\/brandnewday.gomohealth.care\/es\/#website\",\"url\":\"https:\/\/brandnewday.gomohealth.care\/es\/\",\"name\":\"Brand New Day\",\"description\":\"A leader in personalized health care solutions\",\"potentialAction\":[{\"@type\":\"SearchAction\",\"target\":{\"@type\":\"EntryPoint\",\"urlTemplate\":\"https:\/\/brandnewday.gomohealth.care\/es\/?s={search_term_string}\"},\"query-input\":\"required name=search_term_string\"}],\"inLanguage\":\"es\"}]}<\/script>\n<!-- \/ Yoast SEO plugin. -->","yoast_head_json":{"title":"Lo lamentamos. | Brand New Day","robots":{"index":"noindex","follow":"follow","max-snippet":"max-snippet:-1","max-image-preview":"max-image-preview:large","max-video-preview":"max-video-preview:-1"},"og_locale":"es_ES","og_type":"article","og_title":"Lo lamentamos. | Brand New Day","og_url":"https:\/\/brandnewday.gomohealth.care\/es\/enroll\/cp2\/","og_site_name":"Brand New Day","article_modified_time":"2021-12-23T08:10:24+00:00","twitter_card":"summary_large_image","twitter_misc":{"Tiempo de lectura":"4 minutos"},"schema":{"@context":"https:\/\/schema.org","@graph":[{"@type":"WebPage","@id":"https:\/\/brandnewday.gomohealth.care\/es\/enroll\/cp2\/","url":"https:\/\/brandnewday.gomohealth.care\/es\/enroll\/cp2\/","name":"Lo lamentamos. | Brand New Day","isPartOf":{"@id":"https:\/\/brandnewday.gomohealth.care\/es\/#website"},"datePublished":"2021-11-10T19:29:52+00:00","dateModified":"2021-12-23T08:10:24+00:00","breadcrumb":{"@id":"https:\/\/brandnewday.gomohealth.care\/es\/enroll\/cp2\/#breadcrumb"},"inLanguage":"es","potentialAction":[{"@type":"ReadAction","target":["https:\/\/brandnewday.gomohealth.care\/es\/enroll\/cp2\/"]}]},{"@type":"BreadcrumbList","@id":"https:\/\/brandnewday.gomohealth.care\/es\/enroll\/cp2\/#breadcrumb","itemListElement":[{"@type":"ListItem","position":1,"name":"Home","item":"https:\/\/brandnewday.gomohealth.care\/es\/"},{"@type":"ListItem","position":2,"name":"Inscripci\u00f3n","item":"https:\/\/brandnewday.gomohealth.care\/es\/enroll\/"},{"@type":"ListItem","position":3,"name":"Confirmation 2"}]},{"@type":"WebSite","@id":"https:\/\/brandnewday.gomohealth.care\/es\/#website","url":"https:\/\/brandnewday.gomohealth.care\/es\/","name":"Brand New Day","description":"A leader in personalized health care solutions","potentialAction":[{"@type":"SearchAction","target":{"@type":"EntryPoint","urlTemplate":"https:\/\/brandnewday.gomohealth.care\/es\/?s={search_term_string}"},"query-input":"required name=search_term_string"}],"inLanguage":"es"}]}},"_links":{"self":[{"href":"https:\/\/brandnewday.gomohealth.care\/es\/wp-json\/wp\/v2\/pages\/1494"}],"collection":[{"href":"https:\/\/brandnewday.gomohealth.care\/es\/wp-json\/wp\/v2\/pages"}],"about":[{"href":"https:\/\/brandnewday.gomohealth.care\/es\/wp-json\/wp\/v2\/types\/page"}],"author":[{"embeddable":true,"href":"https:\/\/brandnewday.gomohealth.care\/es\/wp-json\/wp\/v2\/users\/1"}],"replies":[{"embeddable":true,"href":"https:\/\/brandnewday.gomohealth.care\/es\/wp-json\/wp\/v2\/comments?post=1494"}],"version-history":[{"count":12,"href":"https:\/\/brandnewday.gomohealth.care\/es\/wp-json\/wp\/v2\/pages\/1494\/revisions"}],"predecessor-version":[{"id":1899,"href":"https:\/\/brandnewday.gomohealth.care\/es\/wp-json\/wp\/v2\/pages\/1494\/revisions\/1899"}],"up":[{"embeddable":true,"href":"https:\/\/brandnewday.gomohealth.care\/es\/wp-json\/wp\/v2\/pages\/1431"}],"wp:attachment":[{"href":"https:\/\/brandnewday.gomohealth.care\/es\/wp-json\/wp\/v2\/media?parent=1494"}],"curies":[{"name":"wp","href":"https:\/\/api.w.org\/{rel}","templated":true}]}}